{"id":19,"date":"2024-03-20T16:36:55","date_gmt":"2024-03-20T16:36:55","guid":{"rendered":"https:\/\/dummy.xtemos.com\/woodmart2\/farm\/?page_id=19"},"modified":"2025-10-25T11:46:56","modified_gmt":"2025-10-25T11:46:56","slug":"iletisim","status":"publish","type":"page","link":"https:\/\/www.uzungolmetal.com\/en\/iletisim\/","title":{"rendered":"Contact"},"content":{"rendered":"<div class=\"wpb-content-wrapper\"><div class=\"vc_row wpb_row vc_row-fluid vc_row-o-content-middle vc_row-flex row-reverse-mobile row-reverse-tablet wd-rs-67b48f8bbc95d wd-section-stretch-content\"><div class=\"wpb_column vc_column_container vc_col-sm-12 wd-rs-67b350e501d94\"><div class=\"vc_column-inner vc_custom_1739804909975\"><div class=\"wpb_wrapper\">\n\t<div class=\"wpb_text_column wpb_content_element\" >\n\t\t<div class=\"wpb_wrapper\">\n\t\t\t<p style=\"text-align: center;\"><iframe loading=\"lazy\" style=\"border: 0;\" src=\"https:\/\/www.google.com\/maps\/embed?pb=!1m18!1m12!1m3!1d3053.090655233376!2d29.5308804!3d40.073389899999995!2m3!1f0!2f0!3f0!3m2!1i1024!2i768!4f13.1!3m3!1m2!1s0x14cbc9411dc440cd%3A0x885440a04a17d084!2sUzung%C3%B6l%20Metal!5e0!3m2!1str!2str!4v1739885092860!5m2!1str!2str\" width=\"3200\" height=\"600\" allowfullscreen=\"allowfullscreen\"><\/iframe><\/p>\n\n\t\t<\/div>\n\t<\/div>\n<\/div><\/div><\/div><\/div><div class=\"vc_row wpb_row vc_row-fluid vc_row-o-content-middle vc_row-flex row-reverse-mobile row-reverse-tablet wd-rs-650c420529456\"><div class=\"wpb_column vc_column_container vc_col-sm-12 wd-rs-67b350e501d94\"><div class=\"vc_column-inner vc_custom_1739804909975\"><div class=\"wpb_wrapper\"><div class=\"vc_row wpb_row vc_inner vc_row-fluid vc_custom_1695302162532 wd-rs-650c420a7a654\"><div class=\"wpb_column vc_column_container vc_col-sm-6 wd-rs-650af611a64a6\"><div class=\"vc_column-inner vc_custom_1695217173093\"><div class=\"wpb_wrapper\">\n\t\t<div id=\"wd-664bbf5010a4a\" class=\"title-wrapper wd-wpb set-mb-s reset-last-child  wd-rs-664bbf5010a4a wd-title-color-primary wd-title-style-default text-left vc_custom_1716240214315 wd-underline-colored\">\n\t\t\t\n\t\t\t<div class=\"liner-continer\">\n\t\t\t\t<h4 class=\"woodmart-title-container title  wd-font-weight- wd-fontsize-l\" >Factory Address<\/h4>\n\t\t\t\t\t\t\t<\/div>\n\t\t\t\n\t\t\t\n\t\t\t\n\t\t<\/div>\n\t\t\n\t\t\t\t<div id=\"wd-662ba7e84f37f\" class=\"wd-text-block wd-wpb reset-last-child wd-rs-662ba7e84f37f text-left\">\n\t\t\t<p>Mahmudiye Mh. Yunus Emre Cd. No:42, \u0130neg\u00f6l\/Bursa, 16400<\/p>\n<p>Mon-Fri: 08:00 \u2013 18:30<br \/>\nSat: 08.30 \u2013 13.00<br \/>\nSun: Close<\/p>\n\t\t<\/div>\n\t\t<div id=\"wd-67b3538d0b95b\" class=\"wd-rs-67b3538d0b95b  wd-button-wrapper text-left\"><a href=\"https:\/\/www.google.com\/maps\/place\/Uzung\u00f6l+Metal\/@40.0733899,29.5283055,17z\/data=!3m1!4b1!4m6!3m5!1s0x14cbc9411dc440cd:0x885440a04a17d084!8m2!3d40.0733899!4d29.5308804!16s%2Fg%2F11cjkqfjhm?entry=ttu&g_ep=EgoyMDI1MDIxMi4wIKXMDSoJLDEwMjExNDUzSAFQAw%3D%3D\" title=\"\" target=\"_blank\" class=\"btn btn-color-default btn-style-default btn-style-rectangle btn-size-large btn-icon-pos-left\">GET DIRECTIONS<span class=\"wd-btn-icon\"><span class=\"wd-icon fas fa-map-marked-alt\"><\/span><\/span><\/a><\/div><\/div><\/div><\/div><div class=\"wpb_column vc_column_container vc_col-sm-6 wd-rs-650af61897987\"><div class=\"vc_column-inner vc_custom_1695217179433\"><div class=\"wpb_wrapper\">\n\t\t<div id=\"wd-664bbf580f2c9\" class=\"title-wrapper wd-wpb set-mb-s reset-last-child  wd-rs-664bbf580f2c9 wd-title-color-primary wd-title-style-default text-left vc_custom_1716240226304 wd-underline-colored\">\n\t\t\t\n\t\t\t<div class=\"liner-continer\">\n\t\t\t\t<h4 class=\"woodmart-title-container title  wd-font-weight- wd-fontsize-l\" >Phone<\/h4>\n\t\t\t\t\t\t\t<\/div>\n\t\t\t\n\t\t\t\n\t\t\t\n\t\t<\/div>\n\t\t\n\t\t\t\t<div id=\"wd-68fcb897a6908\" class=\"wd-text-block wd-wpb reset-last-child wd-rs-68fcb897a6908 text-left\">\n\t\t\t<p><span style=\"color: #333333;\"><strong><u>+90 542 602 72 61<\/u><\/strong><\/span><\/p>\n\t\t<\/div>\n\t\t\n\t\t<div id=\"wd-664bbf63e68b0\" class=\"title-wrapper wd-wpb set-mb-s reset-last-child  wd-rs-664bbf63e68b0 wd-title-color-primary wd-title-style-default text-left vc_custom_1716240238494 wd-underline-colored\">\n\t\t\t\n\t\t\t<div class=\"liner-continer\">\n\t\t\t\t<h4 class=\"woodmart-title-container title  wd-font-weight- wd-fontsize-l\" >E-mail<\/h4>\n\t\t\t\t\t\t\t<\/div>\n\t\t\t\n\t\t\t\n\t\t\t\n\t\t<\/div>\n\t\t\n\t\t\t\t<div id=\"wd-662ba93e50661\" class=\"wd-text-block wd-wpb reset-last-child wd-rs-662ba93e50661 text-left\">\n\t\t\t<p><span style=\"color: #333333;\"><strong><u>info@uzungolmetal.com<\/u><\/strong><\/span><\/p>\n\t\t<\/div>\n\t\t<\/div><\/div><\/div><\/div><\/div><\/div><\/div><\/div><div class=\"vc_row wpb_row vc_row-fluid vc_custom_1739805911043 vc_row-o-equal-height vc_row-flex wd-rs-67b354d08732d\"><div class=\"wpb_column vc_column_container vc_col-sm-12 vc_col-has-fill wd-rs-67b354f7d8ec5\"><div class=\"vc_column-inner vc_custom_1739805949724\"><div class=\"wpb_wrapper\">\n\t\t<div id=\"wd-67b3544ab4478\" class=\"title-wrapper wd-wpb set-mb-s reset-last-child  wd-rs-67b3544ab4478 wd-title-color-default wd-title-style-bordered text-left vc_custom_1739805784322 wd-underline-colored\">\n\t\t\t\n\t\t\t<div class=\"liner-continer\">\n\t\t\t\t<h4 class=\"woodmart-title-container title  wd-font-weight- wd-fontsize-l\" >CONTACT US<\/h4>\n\t\t\t\t\t\t\t<\/div>\n\t\t\t\n\t\t\t\n\t\t\t\n\t\t<\/div>\n\t\t\n\t\t\n<div class=\"wpcf7 no-js\" id=\"wpcf7-f6-o1\" lang=\"tr-TR\" dir=\"ltr\" data-wpcf7-id=\"6\">\n<div class=\"screen-reader-response\"><p role=\"status\" aria-live=\"polite\" aria-atomic=\"true\"><\/p> <ul><\/ul><\/div>\n<form action=\"\/en\/wp-json\/wp\/v2\/pages\/19#wpcf7-f6-o1\" method=\"post\" class=\"wpcf7-form init\" aria-label=\"\u0130leti\u015fim Formu\" novalidate=\"novalidate\" data-status=\"init\" data-trp-original-action=\"\/en\/wp-json\/wp\/v2\/pages\/19#wpcf7-f6-o1\">\n<fieldset class=\"hidden-fields-container\"><input type=\"hidden\" name=\"_wpcf7\" value=\"6\" \/><input type=\"hidden\" name=\"_wpcf7_version\" value=\"6.1.2\" \/><input type=\"hidden\" name=\"_wpcf7_locale\" value=\"tr_TR\" \/><input type=\"hidden\" name=\"_wpcf7_unit_tag\" value=\"wpcf7-f6-o1\" \/><input type=\"hidden\" name=\"_wpcf7_container_post\" value=\"0\" \/><input type=\"hidden\" name=\"_wpcf7_posted_data_hash\" value=\"\" \/>\n<\/fieldset>\n<p><label> Name<br \/>\n<span class=\"wpcf7-form-control-wrap\" data-name=\"your-name\"><input size=\"40\" maxlength=\"400\" class=\"wpcf7-form-control wpcf7-text wpcf7-validates-as-required\" autocomplete=\"name\" aria-required=\"true\" aria-invalid=\"false\" value=\"\" type=\"text\" name=\"your-name\" \/><\/span> <\/label>\n<\/p>\n<p><label> E-mail<br \/>\n<span class=\"wpcf7-form-control-wrap\" data-name=\"your-email\"><input size=\"40\" maxlength=\"400\" class=\"wpcf7-form-control wpcf7-email wpcf7-validates-as-required wpcf7-text wpcf7-validates-as-email\" autocomplete=\"email\" aria-required=\"true\" aria-invalid=\"false\" value=\"\" type=\"email\" name=\"your-email\" \/><\/span> <\/label>\n<\/p>\n<p><label> Subject<br \/>\n<span class=\"wpcf7-form-control-wrap\" data-name=\"your-subject\"><input size=\"40\" maxlength=\"400\" class=\"wpcf7-form-control wpcf7-text wpcf7-validates-as-required\" aria-required=\"true\" aria-invalid=\"false\" value=\"\" type=\"text\" name=\"your-subject\" \/><\/span> <\/label>\n<\/p>\n<p><label> Your message<br \/>\n<span class=\"wpcf7-form-control-wrap\" data-name=\"your-message\"><textarea cols=\"40\" rows=\"10\" maxlength=\"2000\" class=\"wpcf7-form-control wpcf7-textarea\" aria-invalid=\"false\" name=\"your-message\"><\/textarea><\/span> <\/label>\n<\/p>\n<p><input class=\"wpcf7-form-control wpcf7-submit has-spinner\" type=\"submit\" value=\"Submit\" \/>\n<\/p><div class=\"wpcf7-response-output\" aria-hidden=\"true\"><\/div>\n<input type=\"hidden\" name=\"trp-form-language\" value=\"en\"\/><\/form>\n<\/div>\n<\/div><\/div><\/div><\/div>\n<\/div>","protected":false},"excerpt":{"rendered":"Fabrika Adres: Mahmudiye Mh. Yunus Emre Cd. No:42, \u0130neg\u00f6l\/Bursa, 16400 Pzt - Cuma: 08:00 - 18:30 Cts: 08.30 - 13.00","protected":false},"author":1,"featured_media":0,"parent":0,"menu_order":0,"comment_status":"closed","ping_status":"closed","template":"","meta":{"footnotes":""},"class_list":["post-19","page","type-page","status-publish","hentry"],"yoast_head":"<!-- This site is optimized with the Yoast SEO plugin v26.2 - https:\/\/yoast.com\/wordpress\/plugins\/seo\/ -->\n<title>\u0130leti\u015fim - Uzung\u00f6l Metal<\/title>\n<meta name=\"robots\" content=\"index, follow, max-snippet:-1, max-image-preview:large, max-video-preview:-1\" \/>\n<link rel=\"canonical\" href=\"https:\/\/www.uzungolmetal.com\/en\/iletisim\/\" \/>\n<meta property=\"og:locale\" content=\"en_US\" \/>\n<meta property=\"og:type\" content=\"article\" \/>\n<meta property=\"og:title\" content=\"\u0130leti\u015fim - Uzung\u00f6l Metal\" \/>\n<meta property=\"og:url\" content=\"https:\/\/www.uzungolmetal.com\/en\/iletisim\/\" \/>\n<meta property=\"og:site_name\" content=\"Uzung\u00f6l Metal\" \/>\n<meta property=\"article:modified_time\" content=\"2025-10-25T11:46:56+00:00\" \/>\n<meta name=\"twitter:card\" content=\"summary_large_image\" \/>\n<meta name=\"twitter:label1\" content=\"Est. reading time\" \/>\n\t<meta name=\"twitter:data1\" content=\"3 minutes\" \/>\n<script type=\"application\/ld+json\" class=\"yoast-schema-graph\">{\"@context\":\"https:\/\/schema.org\",\"@graph\":[{\"@type\":\"WebPage\",\"@id\":\"https:\/\/www.uzungolmetal.com\/iletisim\/\",\"url\":\"https:\/\/www.uzungolmetal.com\/iletisim\/\",\"name\":\"\u0130leti\u015fim - Uzung\u00f6l Metal\",\"isPartOf\":{\"@id\":\"https:\/\/www.uzungolmetal.com\/#website\"},\"datePublished\":\"2024-03-20T16:36:55+00:00\",\"dateModified\":\"2025-10-25T11:46:56+00:00\",\"breadcrumb\":{\"@id\":\"https:\/\/www.uzungolmetal.com\/iletisim\/#breadcrumb\"},\"inLanguage\":\"en-US\",\"potentialAction\":[{\"@type\":\"ReadAction\",\"target\":[\"https:\/\/www.uzungolmetal.com\/iletisim\/\"]}]},{\"@type\":\"BreadcrumbList\",\"@id\":\"https:\/\/www.uzungolmetal.com\/iletisim\/#breadcrumb\",\"itemListElement\":[{\"@type\":\"ListItem\",\"position\":1,\"name\":\"Anasayfa\",\"item\":\"https:\/\/www.uzungolmetal.com\/\"},{\"@type\":\"ListItem\",\"position\":2,\"name\":\"\u0130leti\u015fim\"}]},{\"@type\":\"WebSite\",\"@id\":\"https:\/\/www.uzungolmetal.com\/#website\",\"url\":\"https:\/\/www.uzungolmetal.com\/\",\"name\":\"Uzung\u00f6l Metal\",\"description\":\"\",\"publisher\":{\"@id\":\"https:\/\/www.uzungolmetal.com\/#organization\"},\"potentialAction\":[{\"@type\":\"SearchAction\",\"target\":{\"@type\":\"EntryPoint\",\"urlTemplate\":\"https:\/\/www.uzungolmetal.com\/?s={search_term_string}\"},\"query-input\":{\"@type\":\"PropertyValueSpecification\",\"valueRequired\":true,\"valueName\":\"search_term_string\"}}],\"inLanguage\":\"en-US\"},{\"@type\":\"Organization\",\"@id\":\"https:\/\/www.uzungolmetal.com\/#organization\",\"name\":\"Uzung\u00f6l Metal\",\"url\":\"https:\/\/www.uzungolmetal.com\/\",\"logo\":{\"@type\":\"ImageObject\",\"inLanguage\":\"en-US\",\"@id\":\"https:\/\/www.uzungolmetal.com\/#\/schema\/logo\/image\/\",\"url\":\"https:\/\/www.uzungolmetal.com\/wp-content\/uploads\/2024\/05\/UZUNGOL-METAL-LOGO.png\",\"contentUrl\":\"https:\/\/www.uzungolmetal.com\/wp-content\/uploads\/2024\/05\/UZUNGOL-METAL-LOGO.png\",\"width\":4054,\"height\":4476,\"caption\":\"Uzung\u00f6l Metal\"},\"image\":{\"@id\":\"https:\/\/www.uzungolmetal.com\/#\/schema\/logo\/image\/\"}}]}<\/script>\n<!-- \/ Yoast SEO plugin. -->","yoast_head_json":{"title":"\u0130leti\u015fim - Uzung\u00f6l Metal","robots":{"index":"index","follow":"follow","max-snippet":"max-snippet:-1","max-image-preview":"max-image-preview:large","max-video-preview":"max-video-preview:-1"},"canonical":"https:\/\/www.uzungolmetal.com\/en\/iletisim\/","og_locale":"en_US","og_type":"article","og_title":"\u0130leti\u015fim - Uzung\u00f6l Metal","og_url":"https:\/\/www.uzungolmetal.com\/en\/iletisim\/","og_site_name":"Uzung\u00f6l Metal","article_modified_time":"2025-10-25T11:46:56+00:00","twitter_card":"summary_large_image","twitter_misc":{"Est. reading time":"3 minutes"},"schema":{"@context":"https:\/\/schema.org","@graph":[{"@type":"WebPage","@id":"https:\/\/www.uzungolmetal.com\/iletisim\/","url":"https:\/\/www.uzungolmetal.com\/iletisim\/","name":"\u0130leti\u015fim - Uzung\u00f6l Metal","isPartOf":{"@id":"https:\/\/www.uzungolmetal.com\/#website"},"datePublished":"2024-03-20T16:36:55+00:00","dateModified":"2025-10-25T11:46:56+00:00","breadcrumb":{"@id":"https:\/\/www.uzungolmetal.com\/iletisim\/#breadcrumb"},"inLanguage":"en-US","potentialAction":[{"@type":"ReadAction","target":["https:\/\/www.uzungolmetal.com\/iletisim\/"]}]},{"@type":"BreadcrumbList","@id":"https:\/\/www.uzungolmetal.com\/iletisim\/#breadcrumb","itemListElement":[{"@type":"ListItem","position":1,"name":"Anasayfa","item":"https:\/\/www.uzungolmetal.com\/"},{"@type":"ListItem","position":2,"name":"\u0130leti\u015fim"}]},{"@type":"WebSite","@id":"https:\/\/www.uzungolmetal.com\/#website","url":"https:\/\/www.uzungolmetal.com\/","name":"Uzung\u00f6l Metal","description":"","publisher":{"@id":"https:\/\/www.uzungolmetal.com\/#organization"},"potentialAction":[{"@type":"SearchAction","target":{"@type":"EntryPoint","urlTemplate":"https:\/\/www.uzungolmetal.com\/?s={search_term_string}"},"query-input":{"@type":"PropertyValueSpecification","valueRequired":true,"valueName":"search_term_string"}}],"inLanguage":"en-US"},{"@type":"Organization","@id":"https:\/\/www.uzungolmetal.com\/#organization","name":"Uzung\u00f6l Metal","url":"https:\/\/www.uzungolmetal.com\/","logo":{"@type":"ImageObject","inLanguage":"en-US","@id":"https:\/\/www.uzungolmetal.com\/#\/schema\/logo\/image\/","url":"https:\/\/www.uzungolmetal.com\/wp-content\/uploads\/2024\/05\/UZUNGOL-METAL-LOGO.png","contentUrl":"https:\/\/www.uzungolmetal.com\/wp-content\/uploads\/2024\/05\/UZUNGOL-METAL-LOGO.png","width":4054,"height":4476,"caption":"Uzung\u00f6l Metal"},"image":{"@id":"https:\/\/www.uzungolmetal.com\/#\/schema\/logo\/image\/"}}]}},"_links":{"self":[{"href":"https:\/\/www.uzungolmetal.com\/en\/wp-json\/wp\/v2\/pages\/19","targetHints":{"allow":["GET"]}}],"collection":[{"href":"https:\/\/www.uzungolmetal.com\/en\/wp-json\/wp\/v2\/pages"}],"about":[{"href":"https:\/\/www.uzungolmetal.com\/en\/wp-json\/wp\/v2\/types\/page"}],"author":[{"embeddable":true,"href":"https:\/\/www.uzungolmetal.com\/en\/wp-json\/wp\/v2\/users\/1"}],"replies":[{"embeddable":true,"href":"https:\/\/www.uzungolmetal.com\/en\/wp-json\/wp\/v2\/comments?post=19"}],"version-history":[{"count":33,"href":"https:\/\/www.uzungolmetal.com\/en\/wp-json\/wp\/v2\/pages\/19\/revisions"}],"predecessor-version":[{"id":7649,"href":"https:\/\/www.uzungolmetal.com\/en\/wp-json\/wp\/v2\/pages\/19\/revisions\/7649"}],"wp:attachment":[{"href":"https:\/\/www.uzungolmetal.com\/en\/wp-json\/wp\/v2\/media?parent=19"}],"curies":[{"name":"wp","href":"https:\/\/api.w.org\/{rel}","templated":true}]}}